{"id":95,"date":"2023-08-01T22:03:40","date_gmt":"2023-08-01T19:03:40","guid":{"rendered":"https:\/\/nnahuel.com\/?page_id=95"},"modified":"2023-08-01T22:05:31","modified_gmt":"2023-08-01T19:05:31","slug":"biografia","status":"publish","type":"page","link":"https:\/\/nnahuel.com\/?page_id=95","title":{"rendered":"Biograf\u00eda"},"content":{"rendered":"\n<p>cosmograf\u00eda, ecograf\u00eda, zoograf\u00eda, psicograf\u00eda, antropograf\u00eda, ontograf\u00eda<\/p>\n\n\n\n<p>MeztizxMixtx<\/p>\n\n\n\n<p>NN: anonimato<\/p>\n\n\n\n<p>Artesan\u00eda (no)-[est]\u00e9tica, Persona(je) conceptual, Nido experimental<\/p>\n","protected":false},"excerpt":{"rendered":"<p>cosmograf\u00eda, ecograf\u00eda, zoograf\u00eda, psicograf\u00eda, antropograf\u00eda, ontograf\u00eda MeztizxMixtx NN: anonimato Artesan\u00eda (no)-[est]\u00e9tica, Persona(je) conceptual, Nido experimental<\/p>\n","protected":false},"author":2,"featured_media":0,"parent":0,"menu_order":0,"comment_status":"closed","ping_status":"closed","template":"","meta":{"_editorskit_title_hidden":false,"_editorskit_reading_time":0,"_editorskit_is_block_options_detached":false,"_editorskit_block_options_position":"{}","footnotes":""},"class_list":["post-95","page","type-page","status-publish","hentry"],"yoast_head":"<!-- This site is optimized with the Yoast SEO plugin v27.4 - https:\/\/yoast.com\/product\/yoast-seo-wordpress\/ -->\n<title>Biograf\u00eda - NN<\/title>\n<meta name=\"robots\" content=\"index, follow, max-snippet:-1, max-image-preview:large, max-video-preview:-1\" \/>\n<link rel=\"canonical\" href=\"https:\/\/nnahuel.com\/?page_id=95\" \/>\n<meta property=\"og:locale\" content=\"es_ES\" \/>\n<meta property=\"og:type\" content=\"article\" \/>\n<meta property=\"og:title\" content=\"Biograf\u00eda - NN\" \/>\n<meta property=\"og:description\" content=\"cosmograf\u00eda, ecograf\u00eda, zoograf\u00eda, psicograf\u00eda, antropograf\u00eda, ontograf\u00eda MeztizxMixtx NN: anonimato Artesan\u00eda (no)-[est]\u00e9tica, Persona(je) conceptual, Nido experimental\" \/>\n<meta property=\"og:url\" content=\"https:\/\/nnahuel.com\/?page_id=95\" \/>\n<meta property=\"og:site_name\" content=\"NN\" \/>\n<meta property=\"article:modified_time\" content=\"2023-08-01T19:05:31+00:00\" \/>\n<meta name=\"twitter:card\" content=\"summary_large_image\" \/>\n<meta name=\"twitter:label1\" content=\"Tiempo de lectura\" \/>\n\t<meta name=\"twitter:data1\" content=\"1 minuto\" \/>\n<script type=\"application\/ld+json\" class=\"yoast-schema-graph\">{\"@context\":\"https:\\\/\\\/schema.org\",\"@graph\":[{\"@type\":\"WebPage\",\"@id\":\"https:\\\/\\\/nnahuel.com\\\/?page_id=95\",\"url\":\"https:\\\/\\\/nnahuel.com\\\/?page_id=95\",\"name\":\"Biograf\u00eda - NN\",\"isPartOf\":{\"@id\":\"https:\\\/\\\/nnahuel.com\\\/#website\"},\"datePublished\":\"2023-08-01T19:03:40+00:00\",\"dateModified\":\"2023-08-01T19:05:31+00:00\",\"breadcrumb\":{\"@id\":\"https:\\\/\\\/nnahuel.com\\\/?page_id=95#breadcrumb\"},\"inLanguage\":\"es-AR\",\"potentialAction\":[{\"@type\":\"ReadAction\",\"target\":[\"https:\\\/\\\/nnahuel.com\\\/?page_id=95\"]}]},{\"@type\":\"BreadcrumbList\",\"@id\":\"https:\\\/\\\/nnahuel.com\\\/?page_id=95#breadcrumb\",\"itemListElement\":[{\"@type\":\"ListItem\",\"position\":1,\"name\":\"Home\",\"item\":\"https:\\\/\\\/nnahuel.com\\\/\"},{\"@type\":\"ListItem\",\"position\":2,\"name\":\"Biograf\u00eda\"}]},{\"@type\":\"WebSite\",\"@id\":\"https:\\\/\\\/nnahuel.com\\\/#website\",\"url\":\"https:\\\/\\\/nnahuel.com\\\/\",\"name\":\"NN\",\"description\":\"\",\"potentialAction\":[{\"@type\":\"SearchAction\",\"target\":{\"@type\":\"EntryPoint\",\"urlTemplate\":\"https:\\\/\\\/nnahuel.com\\\/?s={search_term_string}\"},\"query-input\":{\"@type\":\"PropertyValueSpecification\",\"valueRequired\":true,\"valueName\":\"search_term_string\"}}],\"inLanguage\":\"es-AR\"}]}<\/script>\n<!-- \/ Yoast SEO plugin. -->","yoast_head_json":{"title":"Biograf\u00eda - NN","robots":{"index":"index","follow":"follow","max-snippet":"max-snippet:-1","max-image-preview":"max-image-preview:large","max-video-preview":"max-video-preview:-1"},"canonical":"https:\/\/nnahuel.com\/?page_id=95","og_locale":"es_ES","og_type":"article","og_title":"Biograf\u00eda - NN","og_description":"cosmograf\u00eda, ecograf\u00eda, zoograf\u00eda, psicograf\u00eda, antropograf\u00eda, ontograf\u00eda MeztizxMixtx NN: anonimato Artesan\u00eda (no)-[est]\u00e9tica, Persona(je) conceptual, Nido experimental","og_url":"https:\/\/nnahuel.com\/?page_id=95","og_site_name":"NN","article_modified_time":"2023-08-01T19:05:31+00:00","twitter_card":"summary_large_image","twitter_misc":{"Tiempo de lectura":"1 minuto"},"schema":{"@context":"https:\/\/schema.org","@graph":[{"@type":"WebPage","@id":"https:\/\/nnahuel.com\/?page_id=95","url":"https:\/\/nnahuel.com\/?page_id=95","name":"Biograf\u00eda - NN","isPartOf":{"@id":"https:\/\/nnahuel.com\/#website"},"datePublished":"2023-08-01T19:03:40+00:00","dateModified":"2023-08-01T19:05:31+00:00","breadcrumb":{"@id":"https:\/\/nnahuel.com\/?page_id=95#breadcrumb"},"inLanguage":"es-AR","potentialAction":[{"@type":"ReadAction","target":["https:\/\/nnahuel.com\/?page_id=95"]}]},{"@type":"BreadcrumbList","@id":"https:\/\/nnahuel.com\/?page_id=95#breadcrumb","itemListElement":[{"@type":"ListItem","position":1,"name":"Home","item":"https:\/\/nnahuel.com\/"},{"@type":"ListItem","position":2,"name":"Biograf\u00eda"}]},{"@type":"WebSite","@id":"https:\/\/nnahuel.com\/#website","url":"https:\/\/nnahuel.com\/","name":"NN","description":"","potentialAction":[{"@type":"SearchAction","target":{"@type":"EntryPoint","urlTemplate":"https:\/\/nnahuel.com\/?s={search_term_string}"},"query-input":{"@type":"PropertyValueSpecification","valueRequired":true,"valueName":"search_term_string"}}],"inLanguage":"es-AR"}]}},"_links":{"self":[{"href":"https:\/\/nnahuel.com\/index.php?rest_route=\/wp\/v2\/pages\/95","targetHints":{"allow":["GET"]}}],"collection":[{"href":"https:\/\/nnahuel.com\/index.php?rest_route=\/wp\/v2\/pages"}],"about":[{"href":"https:\/\/nnahuel.com\/index.php?rest_route=\/wp\/v2\/types\/page"}],"author":[{"embeddable":true,"href":"https:\/\/nnahuel.com\/index.php?rest_route=\/wp\/v2\/users\/2"}],"replies":[{"embeddable":true,"href":"https:\/\/nnahuel.com\/index.php?rest_route=%2Fwp%2Fv2%2Fcomments&post=95"}],"version-history":[{"count":2,"href":"https:\/\/nnahuel.com\/index.php?rest_route=\/wp\/v2\/pages\/95\/revisions"}],"predecessor-version":[{"id":98,"href":"https:\/\/nnahuel.com\/index.php?rest_route=\/wp\/v2\/pages\/95\/revisions\/98"}],"wp:attachment":[{"href":"https:\/\/nnahuel.com\/index.php?rest_route=%2Fwp%2Fv2%2Fmedia&parent=95"}],"curies":[{"name":"wp","href":"https:\/\/api.w.org\/{rel}","templated":true}]}}