{"id":60,"date":"2023-08-01T21:47:00","date_gmt":"2023-08-01T18:47:00","guid":{"rendered":"https:\/\/nnahuel.com\/?page_id=60"},"modified":"2023-08-01T21:47:01","modified_gmt":"2023-08-01T18:47:01","slug":"via-vita","status":"publish","type":"page","link":"https:\/\/nnahuel.com\/?page_id=60","title":{"rendered":"V\u00eda &#038; Vita"},"content":{"rendered":"\n<p><strong>Teor\u00eda del m\u00e9todo <\/strong>(metodolog\u00eda)<\/p>\n\n\n\n<p>Camino. El ir y venir, andar: caminar. Tao. Met\u00e1fora de la vida. <\/p>\n\n\n\n<p>Vaiv\u00e9n<\/p>\n\n\n\n<p>Metaf\u00edsicas n\u00f3mades y sedentarias<\/p>\n\n\n\n<p><strong>Teor\u00eda del entre<\/strong><\/p>\n\n\n\n<p>Materia, mater, madre, tierra, medio, ambiente<\/p>\n\n\n\n<p>Entremedio, entretenimiento, medir y tener, entretener<\/p>\n\n\n\n<p><strong>Teor\u00eda del viaje: n\u00e1utica<\/strong><\/p>\n\n\n\n<p>Viaje, aventura, navegaci\u00f3n, <\/p>\n\n\n\n<p>Estancia y errancia. Carencia y querencia. Mudanza, tardanza y andanza.<\/p>\n\n\n\n<p>Onton\u00e1utica, teon\u00e1utica, antropon\u00e1utica, psicon\u00e1utica, econ\u00e1utica, cosmon\u00e1utica<\/p>\n\n\n\n<p>La aventura, la navegaci\u00f3n, el viaje, viajar, periplo. <\/p>\n","protected":false},"excerpt":{"rendered":"<p>Teor\u00eda del m\u00e9todo (metodolog\u00eda) Camino. El ir y venir, andar: caminar. Tao. Met\u00e1fora de la vida. Vaiv\u00e9n Metaf\u00edsicas n\u00f3mades y sedentarias Teor\u00eda del entre Materia, mater, madre, tierra, medio, ambiente Entremedio, entretenimiento, medir y tener, entretener Teor\u00eda del viaje: n\u00e1utica Viaje, aventura, navegaci\u00f3n, Estancia y errancia. Carencia y querencia. Mudanza, tardanza y andanza. Onton\u00e1utica, teon\u00e1utica, [&hellip;]<\/p>\n","protected":false},"author":2,"featured_media":0,"parent":0,"menu_order":0,"comment_status":"closed","ping_status":"closed","template":"","meta":{"_editorskit_title_hidden":false,"_editorskit_reading_time":0,"_editorskit_is_block_options_detached":false,"_editorskit_block_options_position":"{}","footnotes":""},"class_list":["post-60","page","type-page","status-publish","hentry"],"yoast_head":"<!-- This site is optimized with the Yoast SEO plugin v27.4 - https:\/\/yoast.com\/product\/yoast-seo-wordpress\/ -->\n<title>V\u00eda &amp; Vita - NN<\/title>\n<meta name=\"robots\" content=\"index, follow, max-snippet:-1, max-image-preview:large, max-video-preview:-1\" \/>\n<link rel=\"canonical\" href=\"https:\/\/nnahuel.com\/?page_id=60\" \/>\n<meta property=\"og:locale\" content=\"es_ES\" \/>\n<meta property=\"og:type\" content=\"article\" \/>\n<meta property=\"og:title\" content=\"V\u00eda &amp; Vita - NN\" \/>\n<meta property=\"og:description\" content=\"Teor\u00eda del m\u00e9todo (metodolog\u00eda) Camino. El ir y venir, andar: caminar. Tao. Met\u00e1fora de la vida. Vaiv\u00e9n Metaf\u00edsicas n\u00f3mades y sedentarias Teor\u00eda del entre Materia, mater, madre, tierra, medio, ambiente Entremedio, entretenimiento, medir y tener, entretener Teor\u00eda del viaje: n\u00e1utica Viaje, aventura, navegaci\u00f3n, Estancia y errancia. Carencia y querencia. Mudanza, tardanza y andanza. Onton\u00e1utica, teon\u00e1utica, [&hellip;]\" \/>\n<meta property=\"og:url\" content=\"https:\/\/nnahuel.com\/?page_id=60\" \/>\n<meta property=\"og:site_name\" content=\"NN\" \/>\n<meta property=\"article:modified_time\" content=\"2023-08-01T18:47:01+00:00\" \/>\n<meta name=\"twitter:card\" content=\"summary_large_image\" \/>\n<meta name=\"twitter:label1\" content=\"Tiempo de lectura\" \/>\n\t<meta name=\"twitter:data1\" content=\"1 minuto\" \/>\n<script type=\"application\/ld+json\" class=\"yoast-schema-graph\">{\"@context\":\"https:\\\/\\\/schema.org\",\"@graph\":[{\"@type\":\"WebPage\",\"@id\":\"https:\\\/\\\/nnahuel.com\\\/?page_id=60\",\"url\":\"https:\\\/\\\/nnahuel.com\\\/?page_id=60\",\"name\":\"V\u00eda & Vita - NN\",\"isPartOf\":{\"@id\":\"https:\\\/\\\/nnahuel.com\\\/#website\"},\"datePublished\":\"2023-08-01T18:47:00+00:00\",\"dateModified\":\"2023-08-01T18:47:01+00:00\",\"breadcrumb\":{\"@id\":\"https:\\\/\\\/nnahuel.com\\\/?page_id=60#breadcrumb\"},\"inLanguage\":\"es-AR\",\"potentialAction\":[{\"@type\":\"ReadAction\",\"target\":[\"https:\\\/\\\/nnahuel.com\\\/?page_id=60\"]}]},{\"@type\":\"BreadcrumbList\",\"@id\":\"https:\\\/\\\/nnahuel.com\\\/?page_id=60#breadcrumb\",\"itemListElement\":[{\"@type\":\"ListItem\",\"position\":1,\"name\":\"Home\",\"item\":\"https:\\\/\\\/nnahuel.com\\\/\"},{\"@type\":\"ListItem\",\"position\":2,\"name\":\"V\u00eda &#038; Vita\"}]},{\"@type\":\"WebSite\",\"@id\":\"https:\\\/\\\/nnahuel.com\\\/#website\",\"url\":\"https:\\\/\\\/nnahuel.com\\\/\",\"name\":\"NN\",\"description\":\"\",\"potentialAction\":[{\"@type\":\"SearchAction\",\"target\":{\"@type\":\"EntryPoint\",\"urlTemplate\":\"https:\\\/\\\/nnahuel.com\\\/?s={search_term_string}\"},\"query-input\":{\"@type\":\"PropertyValueSpecification\",\"valueRequired\":true,\"valueName\":\"search_term_string\"}}],\"inLanguage\":\"es-AR\"}]}<\/script>\n<!-- \/ Yoast SEO plugin. -->","yoast_head_json":{"title":"V\u00eda & Vita - NN","robots":{"index":"index","follow":"follow","max-snippet":"max-snippet:-1","max-image-preview":"max-image-preview:large","max-video-preview":"max-video-preview:-1"},"canonical":"https:\/\/nnahuel.com\/?page_id=60","og_locale":"es_ES","og_type":"article","og_title":"V\u00eda & Vita - NN","og_description":"Teor\u00eda del m\u00e9todo (metodolog\u00eda) Camino. El ir y venir, andar: caminar. Tao. Met\u00e1fora de la vida. Vaiv\u00e9n Metaf\u00edsicas n\u00f3mades y sedentarias Teor\u00eda del entre Materia, mater, madre, tierra, medio, ambiente Entremedio, entretenimiento, medir y tener, entretener Teor\u00eda del viaje: n\u00e1utica Viaje, aventura, navegaci\u00f3n, Estancia y errancia. Carencia y querencia. Mudanza, tardanza y andanza. Onton\u00e1utica, teon\u00e1utica, [&hellip;]","og_url":"https:\/\/nnahuel.com\/?page_id=60","og_site_name":"NN","article_modified_time":"2023-08-01T18:47:01+00:00","twitter_card":"summary_large_image","twitter_misc":{"Tiempo de lectura":"1 minuto"},"schema":{"@context":"https:\/\/schema.org","@graph":[{"@type":"WebPage","@id":"https:\/\/nnahuel.com\/?page_id=60","url":"https:\/\/nnahuel.com\/?page_id=60","name":"V\u00eda & Vita - NN","isPartOf":{"@id":"https:\/\/nnahuel.com\/#website"},"datePublished":"2023-08-01T18:47:00+00:00","dateModified":"2023-08-01T18:47:01+00:00","breadcrumb":{"@id":"https:\/\/nnahuel.com\/?page_id=60#breadcrumb"},"inLanguage":"es-AR","potentialAction":[{"@type":"ReadAction","target":["https:\/\/nnahuel.com\/?page_id=60"]}]},{"@type":"BreadcrumbList","@id":"https:\/\/nnahuel.com\/?page_id=60#breadcrumb","itemListElement":[{"@type":"ListItem","position":1,"name":"Home","item":"https:\/\/nnahuel.com\/"},{"@type":"ListItem","position":2,"name":"V\u00eda &#038; Vita"}]},{"@type":"WebSite","@id":"https:\/\/nnahuel.com\/#website","url":"https:\/\/nnahuel.com\/","name":"NN","description":"","potentialAction":[{"@type":"SearchAction","target":{"@type":"EntryPoint","urlTemplate":"https:\/\/nnahuel.com\/?s={search_term_string}"},"query-input":{"@type":"PropertyValueSpecification","valueRequired":true,"valueName":"search_term_string"}}],"inLanguage":"es-AR"}]}},"_links":{"self":[{"href":"https:\/\/nnahuel.com\/index.php?rest_route=\/wp\/v2\/pages\/60","targetHints":{"allow":["GET"]}}],"collection":[{"href":"https:\/\/nnahuel.com\/index.php?rest_route=\/wp\/v2\/pages"}],"about":[{"href":"https:\/\/nnahuel.com\/index.php?rest_route=\/wp\/v2\/types\/page"}],"author":[{"embeddable":true,"href":"https:\/\/nnahuel.com\/index.php?rest_route=\/wp\/v2\/users\/2"}],"replies":[{"embeddable":true,"href":"https:\/\/nnahuel.com\/index.php?rest_route=%2Fwp%2Fv2%2Fcomments&post=60"}],"version-history":[{"count":1,"href":"https:\/\/nnahuel.com\/index.php?rest_route=\/wp\/v2\/pages\/60\/revisions"}],"predecessor-version":[{"id":61,"href":"https:\/\/nnahuel.com\/index.php?rest_route=\/wp\/v2\/pages\/60\/revisions\/61"}],"wp:attachment":[{"href":"https:\/\/nnahuel.com\/index.php?rest_route=%2Fwp%2Fv2%2Fmedia&parent=60"}],"curies":[{"name":"wp","href":"https:\/\/api.w.org\/{rel}","templated":true}]}}